{"id":2183,"date":"2022-02-21T09:15:55","date_gmt":"2022-02-21T09:15:55","guid":{"rendered":"https:\/\/www.forummobil.ch\/glossar\/"},"modified":"2022-04-28T11:19:29","modified_gmt":"2022-04-28T11:19:29","slug":"glossario","status":"publish","type":"page","link":"https:\/\/www.forummobil.ch\/it\/glossario\/","title":{"rendered":"Glossario"},"content":{"rendered":"<div class=\"wpb-content-wrapper\"><p>[vc_row css=&#8221;.vc_custom_1647435949021{margin-top: 60px !important;}&#8221;][vc_column][lab_heading title_tag=&#8221;H1&#8243; title=&#8221;Glossario&#8221;][\/lab_heading][vc_column_text][\/vc_column_text][vc_wp_text]<a href=\"#a\">A<\/a> <a href=\"#b\">B<\/a> <a href=\"#c\">C<\/a> <a href=\"#d\">D<\/a> <a href=\"#e\">E<\/a> <a href=\"#f\">F<\/a> <a href=\"#g\">G<\/a> <a href=\"#h\">H<\/a> <a href=\"#i\">I<\/a> <a href=\"#j\">J<\/a> <a href=\"#k\">K<\/a> <a href=\"#l\">L<\/a> <a href=\"#m\">M<\/a> <a href=\"#n\">N<\/a> <a href=\"#o\">O<\/a> <a href=\"#p\">P<\/a> <a href=\"#q\">Q<\/a> <a href=\"#r\">R<\/a> <a href=\"#s\">S<\/a> <a href=\"#t\">T<\/a> <a href=\"#u\">U<\/a> <a href=\"#v\">V<\/a> <a href=\"#w\">W<\/a> <a href=\"#x\">X<\/a> <a href=\"#y\">Y<\/a> <a href=\"#z\">Z<\/a>[\/vc_wp_text][\/vc_column][\/vc_row][vc_row][vc_column css=&#8221;.vc_custom_1646297385999{margin-bottom: 30px !important;}&#8221;][vc_column_text el_id=&#8221;a&#8221;]<\/p>\n<h3>A<\/h3>\n<hr \/>\n<p><strong>Antenna<br \/>\n<\/strong>Dispositivo per trasmettere e\/o ricevere onde elettromagnetiche.[\/vc_column_text][vc_column_text el_id=&#8221;b&#8221;]<\/p>\n<h3>B<\/h3>\n<hr \/>\n<p><strong>Bassa frequenza<br \/>\n<\/strong>La bassa frequenza (LF) indica le frequenze nella gamma delle onde sonore udibili, cio\u00e8 da 16 a 20.000 Hz.[\/vc_column_text][vc_column_text el_id=&#8221;c&#8221;]<\/p>\n<h3>C<\/h3>\n<hr \/>\n<p><strong>Campi elettromagnetici<\/strong><br \/>\nI campi elettromagnetici (CEM) sono il mezzo per lo scambio di informazioni tra le antenne dei terminali e le stazioni base. Si propagano in onde alla velocit\u00e0 della luce (circa 300 000 km al secondo). Le oscillazioni delle onde si misurano in hertz (Hz). 1 Hz corrisponde a un\u2019oscillazione in un secondo. Le reti di telefonia mobile operano su frequenze nella gamma dei 700 e 3600 megahertz (MHz). (1 MHz corrisponde a un milione di hertz). Le vibrazioni tra i 3 kilohertz (kHz; 1 kHz corrisponde a 1000 hertz) e i 300 gigahertz (GHz; 1 GHz corrisponde a un miliardo di hertz) rientrano nella gamma delle alte frequenze.<\/p>\n<p><strong>Cella<\/strong><br \/>\nL\u2019unit\u00e0 geografica pi\u00f9 piccola nella rete di telefonia mobile. Tipicamente i raggi delle celle vanno da 500 m (centro citt\u00e0) a 5 km (zone rurali).<\/p>\n<p><strong>Cella radio<\/strong><br \/>\nUna cella radio \u00e8 l\u2019area o spazio in cui il segnale inviato da una stazione radio base per la telefonia mobile pu\u00f2 essere ricevuto e decodificato senza errori. La dimensione di una cella radio dipende dalle condizioni meteorologiche e geografiche, dall\u2019intensit\u00e0 di utilizzo, dall\u2019altezza e dal tipo di antenne utilizzate, dalla potenza di trasmissione, dalla frequenza radio e dallo standard di telefonia mobile utilizzato.<\/p>\n<p><strong>Copertura di rete (fornitura)<\/strong><br \/>\nMisura della percentuale della popolazione (non della superficie) servita da una rete di telefonia mobile presso il luogo di lavoro o di abitazione.[\/vc_column_text][vc_column_text el_id=&#8221;d&#8221;]<\/p>\n<h3>D<\/h3>\n<hr \/>\n<p>[\/vc_column_text][vc_column_text el_id=&#8221;e&#8221;]<\/p>\n<h3>E<\/h3>\n<hr \/>\n<p><strong>Elettrosensibilit\u00e0<br \/>\n<\/strong>Con elettrosensibilit\u00e0 si intende la capacit\u00e0 delle persone di percepire, per loro dichiarazione, campi elettrici, magnetici o elettromagnetici. <a href=\"https:\/\/www.quarks.de\/technik\/digitalisierung\/elektrosensibilitaet-das-sagt-die-forschung\/\">La scienza non ha ancora dimostrato<\/a> alcun effetto dei campi elettromagnetici sul benessere delle persone. Una serie di esperimenti ha esposto persone \u00abelettrosensibili\u00bb a campi elettromagnetici senza informarle. I ricercatori non hanno rilevato reazioni degne di nota.<\/p>\n<p><strong>Elettrosmog<br \/>\n<\/strong>Elettrosmog \u00e8 un termine colloquiale per indicare l\u2019insieme delle immissioni di campi elettrici, magnetici ed elettromagnetici.<\/p>\n<p><strong>Emissione<br \/>\n<\/strong>Indica l\u2019emissione di onde o campi alla fonte, cio\u00e8 specificamente in corrispondenza dell\u2019antenna.[\/vc_column_text][vc_column_text el_id=&#8221;f&#8221;]<\/p>\n<h3>F<\/h3>\n<hr \/>\n<p><strong>Frequenza<br \/>\n<\/strong>Indica il numero di oscillazioni al secondo del campo elettrico o magnetico. L\u2019unit\u00e0 di misura \u00e8 l\u2019hertz (Hz).<\/p>\n<p>[\/vc_column_text][vc_column_text el_id=&#8221;g&#8221;]<\/p>\n<h3>G<\/h3>\n<hr \/>\n<p>[\/vc_column_text][vc_column_text el_id=&#8221;h&#8221;]<\/p>\n<h3>H<\/h3>\n<hr \/>\n<p>[\/vc_column_text][vc_column_text el_id=&#8221;i&#8221;]<\/p>\n<h3>I<\/h3>\n<hr \/>\n<p><strong>ICNIRP<br \/>\n<\/strong>L\u2019abbreviazione ICNIRP sta per \u00abInternational Commission on Non-Ionizing Radiation Protection\u00bb, ovvero Commissione internazionale per la protezione dalle radiazioni non ionizzanti. Si tratta di un\u2019organizzazione scientifica internazionale indipendente dall\u2019industria che stabilisce raccomandazioni sui valori limite nell\u2019ambito dei campi elettromagnetici e mantiene relazioni ufficiali con altre organizzazioni internazionali. <a href=\"http:\/\/www.icnirp.org\">www.icnirp.org<\/a><\/p>\n<p><strong>Immissione<br \/>\n<\/strong>Indica l\u2019effetto di variabili influenti come rumore o campi elettromagnetici in corrispondenza del luogo d\u2019effetto, ad esempio a casa, in ufficio ecc.<\/p>\n<p><strong>Intensit\u00e0 di campo<br \/>\n<\/strong>L\u2019intensit\u00e0 di campo \u00e8 una misura della forza di un campo elettromagnetico. \u00c8 indicata in volt per metro (campo elettrico) o in ampere per metro (campo magnetico).[\/vc_column_text][vc_column_text el_id=&#8221;j&#8221;]<\/p>\n<h3>J<\/h3>\n<hr \/>\n<p>[\/vc_column_text][vc_column_text el_id=&#8221;k&#8221;]<\/p>\n<h3>K<\/h3>\n<hr \/>\n<p>[\/vc_column_text][vc_column_text el_id=&#8221;l&#8221;]<\/p>\n<h3>L<\/h3>\n<hr \/>\n<p><strong>Larghezza di banda<\/strong><br \/>\nNel campo delle telecomunicazioni, la larghezza di banda indica la quantit\u00e0 di dati che pu\u00f2 essere trasmessa in un certo periodo di tempo. La larghezza di banda \u00e8 misurata in questo caso in bps (bit al secondo).[\/vc_column_text][vc_column_text el_id=&#8221;m&#8221;]<\/p>\n<h3>M<\/h3>\n<hr \/>\n<p><strong>Machine to Machine (M2M)<br \/>\n<\/strong>M2M indica lo scambio automatizzato di informazioni tra terminali (ad esempio macchine, distributori automatici, veicoli o container) tra di loro o con un centro di controllo centrale. Un\u2019applicazione \u00e8 il monitoraggio, il controllo e la manutenzione in remoto di macchine, impianti e sistemi, tradizionalmente chiamato telemetria. La tecnologia M2M unisce la tecnologia dell\u2019informazione e della comunicazione e deve essere intesa come parte dell\u2019Internet delle cose (IoT).<\/p>\n<p><strong>MHz (vedi anche frequenza)<br \/>\n<\/strong>Abbreviazione di megahertz, l\u2019unit\u00e0 di misura per un milione di vibrazioni al secondo.[\/vc_column_text][vc_column_text el_id=&#8221;n&#8221;]<\/p>\n<h3>N<\/h3>\n<hr \/>\n<p><strong>Non ionizzant<br \/>\n<\/strong>I campi elettromagnetici non ionizzanti sono quelli che non possono innescare processi di ionizzazione su molecole o atomi. Non causano alcun cambiamento nelle cellule. Le onde radio emesse dall\u2019antenna di un telefono cellulare o dai terminali sono radiazioni non ionizzanti.[\/vc_column_text][vc_column_text el_id=&#8221;o&#8221;]<\/p>\n<h3>O<\/h3>\n<hr \/>\n<p><strong>OMS<\/strong><br \/>\n<a href=\"http:\/\/www.who.int\/en\/\">\u00abOrganizzazione Mondiale della Sanit\u00e0\u00bb<\/a><\/p>\n<p><strong>ORNI<\/strong><br \/>\n\u00c8 l\u2019abbreviazione di \u00abOrdinanza sulla protezione dalle radiazioni non ionizzanti\u00bb, la base legale per i valori limite in Svizzera.[\/vc_column_text][vc_column_text el_id=&#8221;p&#8221;]<\/p>\n<h3>P<\/h3>\n<hr \/>\n<p>[\/vc_column_text][vc_column_text el_id=&#8221;q&#8221;]<\/p>\n<h3>Q<\/h3>\n<hr \/>\n<p>[\/vc_column_text][vc_column_text el_id=&#8221;r&#8221;]<\/p>\n<h3>R<\/h3>\n<hr \/>\n<p><strong>Rete senza fili<\/strong><br \/>\nUna rete senza fili \u00e8 una rete in cui i dispositivi non sono collegati via cavo ma tramite tecnologie radio come ad esempio WLAN o Bluetooth.[\/vc_column_text][vc_column_text el_id=&#8221;s&#8221;]<\/p>\n<h3>S<\/h3>\n<hr \/>\n<p><strong>Site sharing<br \/>\n<\/strong>Uso condiviso del sito delle antenne da parte di due o pi\u00f9 operatori di telefonia mobile.<\/p>\n<p><strong>Stazione di base<br \/>\n<\/strong>Stazione di trasmissione e ricezione per l\u2019intero traffico radio in una cella di zona. I dati vengono trasmessi via radio o via cavo (soprattutto fibra ottica). Spesso \u00e8 chiamata antenna.[\/vc_column_text][vc_column_text el_id=&#8221;t&#8221;]<\/p>\n<h3>T<\/h3>\n<hr \/>\n<p><strong>TIC\/ICT<\/strong><br \/>\nAbbreviazione di tecnologia dell\u2019informazione e della comunicazione, in inglese information and communication technology.[\/vc_column_text][vc_column_text el_id=&#8221;u&#8221;]<\/p>\n<h3>U<\/h3>\n<hr \/>\n<p>[\/vc_column_text][vc_column_text el_id=&#8221;v&#8221;]<\/p>\n<h3>V<\/h3>\n<hr \/>\n<p><strong>Valore limite (vedi anche valore limite d\u2019immissione)<\/strong><br \/>\nUn valore limite (nel contesto della telefonia mobile si tratta principalmente dei valori limite d\u2019immissione per l\u2019esposizione alle radiazioni) \u00e8 fissato dalle autorit\u00e0 sulla base di evidenze scientifiche. Un valore limite tiene conto della totalit\u00e0 delle radiazioni a bassa frequenza o ad alta frequenza che si verificano in un luogo e deve essere rispettato ovunque siano presenti delle persone, anche per un breve periodo di tempo. I valori limite proteggono quindi la salute.<\/p>\n<p><strong>Valore limite dell\u2019impianto (VLImp)<\/strong><br \/>\nValore limite di prevenzione che non pu\u00f2 essere superato da un impianto di trasmissione. Si tratta di una misura precauzionale. \u00c8 applicabile in tutti i luoghi in cui le persone possono rimanere per un lungo periodo di tempo come ad esempio appartamenti, uffici o scuole. In gergo tecnico, tali luoghi sono chiamati luoghi a utilizzazione sensibile (LAUS).<\/p>\n<p><strong>Valore limite d\u2019immissione (VLI)<\/strong><br \/>\nValore limite di prevenzione che non pu\u00f2 essere superato da un impianto di trasmissione. Per le frequenze dei telefoni cellulari, questo valore \u00e8 dato dall\u2019intensit\u00e0 del campo elettrico in volt per metro (V\/m). Tale valore \u00e8 valido per spazi e locali di soggiorno di breve durata (LSBD) e non deve essere superato dalla somma di tutti gli impianti in nessun caso. In Svizzera i valori limite sono prescritti nell\u2019ordinanza sulla protezione dalle radiazioni non ionizzanti (ORNI).[\/vc_column_text][vc_column_text el_id=&#8221;w&#8221;]<\/p>\n<h3>W<\/h3>\n<hr \/>\n<p><strong>Wi-Fi<br \/>\n<\/strong>WLAN \u00e8 l\u2019abbreviazione di Wireless Local Area Network e significa rete locale senza fili. Una WLAN \u00e8 una rete informatica spazialmente limitata in cui la comunicazione avviene tramite trasmissione radio. In alcuni Paesi, come ad esempio USA, Regno Unito, Canada, Paesi Bassi, Spagna, Francia, Italia, si usa anche il sinonimo Wi-Fi.<\/p>\n<p>[\/vc_column_text][vc_column_text el_id=&#8221;x&#8221;]<\/p>\n<h3>X<\/h3>\n<hr \/>\n<p>[\/vc_column_text][vc_column_text el_id=&#8221;y&#8221;]<\/p>\n<h3>Y<\/h3>\n<hr \/>\n<p>[\/vc_column_text][vc_column_text el_id=&#8221;z&#8221;]<\/p>\n<h3>Z<\/h3>\n<hr \/>\n<p>[\/vc_column_text][\/vc_column][\/vc_row]<\/p>\n<\/div>","protected":false},"excerpt":{"rendered":"<p>[vc_row css=&#8221;.vc_custom_1647435949021{margin-top: 60px !important;}&#8221;][vc_column][lab_heading title_tag=&#8221;H1&#8243; title=&#8221;Glossario&#8221;][\/lab_heading][vc_column_text][\/vc_column_text][vc_wp_text]A B C D E F G H I J K L M N O P Q R S T U V W X Y Z[\/vc_wp_text][\/vc_column][\/vc_row][vc_row][vc_column css=&#8221;.vc_custom_1646297385999{margin-bottom: 30px !important;}&#8221;][vc_column_text el_id=&#8221;a&#8221;] A Antenna Dispositivo per trasmettere e\/o ricevere onde elettromagnetiche.[\/vc_column_text][vc_column_text el_id=&#8221;b&#8221;] B Bassa frequenza La bassa frequenza (LF) indica le frequenze&hellip;<\/p>\n","protected":false},"author":5,"featured_media":0,"parent":0,"menu_order":0,"comment_status":"closed","ping_status":"closed","template":"","meta":{"_acf_changed":false,"inline_featured_image":false,"footnotes":""},"class_list":["post-2183","page","type-page","status-publish","hentry"],"acf":[],"yoast_head":"<!-- This site is optimized with the Yoast SEO plugin v27.4 - https:\/\/yoast.com\/product\/yoast-seo-wordpress\/ -->\n<title>Glossario \u2013 I principali termini relativi alla telefonia mobile<\/title>\n<meta name=\"description\" content=\"Forum Mobil \u00e8 la piattaforma informativa sulla telefonia mobile in Svizzera. Qui trovate i termini e le abbreviazioni principali.\" \/>\n<meta name=\"robots\" content=\"index, follow, max-snippet:-1, max-image-preview:large, max-video-preview:-1\" \/>\n<link rel=\"canonical\" href=\"https:\/\/www.forummobil.ch\/it\/glossario\/\" \/>\n<meta property=\"og:locale\" content=\"it_IT\" \/>\n<meta property=\"og:type\" content=\"article\" \/>\n<meta property=\"og:title\" content=\"Glossario \u2013 I principali termini relativi alla telefonia mobile\" \/>\n<meta property=\"og:description\" content=\"Forum Mobil \u00e8 la piattaforma informativa sulla telefonia mobile in Svizzera. Qui trovate i termini e le abbreviazioni principali.\" \/>\n<meta property=\"og:url\" content=\"https:\/\/www.forummobil.ch\/it\/glossario\/\" \/>\n<meta property=\"og:site_name\" content=\"Forum Mobil\" \/>\n<meta property=\"article:modified_time\" content=\"2022-04-28T11:19:29+00:00\" \/>\n<meta name=\"twitter:card\" content=\"summary_large_image\" \/>\n<meta name=\"twitter:label1\" content=\"Tempo di lettura stimato\" \/>\n\t<meta name=\"twitter:data1\" content=\"6 minuti\" \/>\n<script type=\"application\/ld+json\" class=\"yoast-schema-graph\">{\"@context\":\"https:\\\/\\\/schema.org\",\"@graph\":[{\"@type\":\"WebPage\",\"@id\":\"https:\\\/\\\/www.forummobil.ch\\\/it\\\/glossario\\\/\",\"url\":\"https:\\\/\\\/www.forummobil.ch\\\/it\\\/glossario\\\/\",\"name\":\"Glossario \u2013 I principali termini relativi alla telefonia mobile\",\"isPartOf\":{\"@id\":\"https:\\\/\\\/www.forummobil.ch\\\/it\\\/#website\"},\"datePublished\":\"2022-02-21T09:15:55+00:00\",\"dateModified\":\"2022-04-28T11:19:29+00:00\",\"description\":\"Forum Mobil \u00e8 la piattaforma informativa sulla telefonia mobile in Svizzera. Qui trovate i termini e le abbreviazioni principali.\",\"breadcrumb\":{\"@id\":\"https:\\\/\\\/www.forummobil.ch\\\/it\\\/glossario\\\/#breadcrumb\"},\"inLanguage\":\"it-IT\",\"potentialAction\":[{\"@type\":\"ReadAction\",\"target\":[\"https:\\\/\\\/www.forummobil.ch\\\/it\\\/glossario\\\/\"]}]},{\"@type\":\"BreadcrumbList\",\"@id\":\"https:\\\/\\\/www.forummobil.ch\\\/it\\\/glossario\\\/#breadcrumb\",\"itemListElement\":[{\"@type\":\"ListItem\",\"position\":1,\"name\":\"Home\",\"item\":\"https:\\\/\\\/www.forummobil.ch\\\/it\\\/\"},{\"@type\":\"ListItem\",\"position\":2,\"name\":\"Glossario\"}]},{\"@type\":\"WebSite\",\"@id\":\"https:\\\/\\\/www.forummobil.ch\\\/it\\\/#website\",\"url\":\"https:\\\/\\\/www.forummobil.ch\\\/it\\\/\",\"name\":\"Forum Mobil\",\"description\":\"Willkommen\",\"potentialAction\":[{\"@type\":\"SearchAction\",\"target\":{\"@type\":\"EntryPoint\",\"urlTemplate\":\"https:\\\/\\\/www.forummobil.ch\\\/it\\\/?s={search_term_string}\"},\"query-input\":{\"@type\":\"PropertyValueSpecification\",\"valueRequired\":true,\"valueName\":\"search_term_string\"}}],\"inLanguage\":\"it-IT\"}]}<\/script>\n<!-- \/ Yoast SEO plugin. -->","yoast_head_json":{"title":"Glossario \u2013 I principali termini relativi alla telefonia mobile","description":"Forum Mobil \u00e8 la piattaforma informativa sulla telefonia mobile in Svizzera. Qui trovate i termini e le abbreviazioni principali.","robots":{"index":"index","follow":"follow","max-snippet":"max-snippet:-1","max-image-preview":"max-image-preview:large","max-video-preview":"max-video-preview:-1"},"canonical":"https:\/\/www.forummobil.ch\/it\/glossario\/","og_locale":"it_IT","og_type":"article","og_title":"Glossario \u2013 I principali termini relativi alla telefonia mobile","og_description":"Forum Mobil \u00e8 la piattaforma informativa sulla telefonia mobile in Svizzera. Qui trovate i termini e le abbreviazioni principali.","og_url":"https:\/\/www.forummobil.ch\/it\/glossario\/","og_site_name":"Forum Mobil","article_modified_time":"2022-04-28T11:19:29+00:00","twitter_card":"summary_large_image","twitter_misc":{"Tempo di lettura stimato":"6 minuti"},"schema":{"@context":"https:\/\/schema.org","@graph":[{"@type":"WebPage","@id":"https:\/\/www.forummobil.ch\/it\/glossario\/","url":"https:\/\/www.forummobil.ch\/it\/glossario\/","name":"Glossario \u2013 I principali termini relativi alla telefonia mobile","isPartOf":{"@id":"https:\/\/www.forummobil.ch\/it\/#website"},"datePublished":"2022-02-21T09:15:55+00:00","dateModified":"2022-04-28T11:19:29+00:00","description":"Forum Mobil \u00e8 la piattaforma informativa sulla telefonia mobile in Svizzera. Qui trovate i termini e le abbreviazioni principali.","breadcrumb":{"@id":"https:\/\/www.forummobil.ch\/it\/glossario\/#breadcrumb"},"inLanguage":"it-IT","potentialAction":[{"@type":"ReadAction","target":["https:\/\/www.forummobil.ch\/it\/glossario\/"]}]},{"@type":"BreadcrumbList","@id":"https:\/\/www.forummobil.ch\/it\/glossario\/#breadcrumb","itemListElement":[{"@type":"ListItem","position":1,"name":"Home","item":"https:\/\/www.forummobil.ch\/it\/"},{"@type":"ListItem","position":2,"name":"Glossario"}]},{"@type":"WebSite","@id":"https:\/\/www.forummobil.ch\/it\/#website","url":"https:\/\/www.forummobil.ch\/it\/","name":"Forum Mobil","description":"Willkommen","potentialAction":[{"@type":"SearchAction","target":{"@type":"EntryPoint","urlTemplate":"https:\/\/www.forummobil.ch\/it\/?s={search_term_string}"},"query-input":{"@type":"PropertyValueSpecification","valueRequired":true,"valueName":"search_term_string"}}],"inLanguage":"it-IT"}]}},"_links":{"self":[{"href":"https:\/\/www.forummobil.ch\/it\/wp-json\/wp\/v2\/pages\/2183","targetHints":{"allow":["GET"]}}],"collection":[{"href":"https:\/\/www.forummobil.ch\/it\/wp-json\/wp\/v2\/pages"}],"about":[{"href":"https:\/\/www.forummobil.ch\/it\/wp-json\/wp\/v2\/types\/page"}],"author":[{"embeddable":true,"href":"https:\/\/www.forummobil.ch\/it\/wp-json\/wp\/v2\/users\/5"}],"replies":[{"embeddable":true,"href":"https:\/\/www.forummobil.ch\/it\/wp-json\/wp\/v2\/comments?post=2183"}],"version-history":[{"count":4,"href":"https:\/\/www.forummobil.ch\/it\/wp-json\/wp\/v2\/pages\/2183\/revisions"}],"predecessor-version":[{"id":2193,"href":"https:\/\/www.forummobil.ch\/it\/wp-json\/wp\/v2\/pages\/2183\/revisions\/2193"}],"wp:attachment":[{"href":"https:\/\/www.forummobil.ch\/it\/wp-json\/wp\/v2\/media?parent=2183"}],"curies":[{"name":"wp","href":"https:\/\/api.w.org\/{rel}","templated":true}]}}