{"id":1945,"date":"2022-03-01T14:23:11","date_gmt":"2022-03-01T14:23:11","guid":{"rendered":"https:\/\/www.forummobil.ch\/gesundheit\/"},"modified":"2022-03-21T10:28:26","modified_gmt":"2022-03-21T10:28:26","slug":"sante","status":"publish","type":"page","link":"https:\/\/www.forummobil.ch\/fr\/sante\/","title":{"rendered":"Sant\u00e9"},"content":{"rendered":"<div class=\"wpb-content-wrapper\"><p>[vc_row css=\u00a0\u00bb.vc_custom_1646294683762{margin-top: 30px !important;}\u00a0\u00bb][vc_column width=\u00a0\u00bb1\/2&Prime; css=\u00a0\u00bb.vc_custom_1647435958595{padding-top: 60px !important;}\u00a0\u00bb][lab_heading title_tag=\u00a0\u00bbH1&Prime; title=\u00a0\u00bbSant\u00e9\u00a0\u00bb]Les \u00e9tudes montrent qu\u2019il n\u2019existe aucun lien entre le rayonnement de la 5G et les soucis de sant\u00e9. Malgr\u00e9 cela, de fausses informations circulent. Forum Mobil clarifie les choses. [\/lab_heading][\/vc_column][vc_column width=\u00a0\u00bb1\/2&Prime;][\/vc_column][\/vc_row][vc_row][vc_column][vc_basic_grid post_type=\u00a0\u00bbpost\u00a0\u00bb max_items=\u00a0\u00bb9&Prime; gap=\u00a0\u00bb25&Prime; item=\u00a0\u00bb1505&Prime; grid_id=\u00a0\u00bbvc_gid:1647858454199-5bac5418-a3d3-3&Prime; taxonomies=\u00a0\u00bb41&Prime;][\/vc_column][\/vc_row]<\/p>\n<\/div>","protected":false},"excerpt":{"rendered":"<p>[vc_row css=\u00a0\u00bb.vc_custom_1646294683762{margin-top: 30px !important;}\u00a0\u00bb][vc_column width=\u00a0\u00bb1\/2&Prime; css=\u00a0\u00bb.vc_custom_1647435958595{padding-top: 60px !important;}\u00a0\u00bb][lab_heading title_tag=\u00a0\u00bbH1&Prime; title=\u00a0\u00bbSant\u00e9\u00a0\u00bb]Les \u00e9tudes montrent qu\u2019il n\u2019existe aucun lien entre le rayonnement de la 5G et les soucis de sant\u00e9. Malgr\u00e9 cela, de fausses informations circulent. Forum Mobil clarifie les choses. [\/lab_heading][\/vc_column][vc_column width=\u00a0\u00bb1\/2&Prime;][\/vc_column][\/vc_row][vc_row][vc_column][vc_basic_grid post_type=\u00a0\u00bbpost\u00a0\u00bb max_items=\u00a0\u00bb9&Prime; gap=\u00a0\u00bb25&Prime; item=\u00a0\u00bb1505&Prime; grid_id=\u00a0\u00bbvc_gid:1647858454199-5bac5418-a3d3-3&Prime; taxonomies=\u00a0\u00bb41&Prime;][\/vc_column][\/vc_row]<\/p>\n","protected":false},"author":5,"featured_media":0,"parent":0,"menu_order":0,"comment_status":"closed","ping_status":"closed","template":"","meta":{"_acf_changed":false,"inline_featured_image":false,"footnotes":""},"class_list":["post-1945","page","type-page","status-publish","hentry"],"acf":[],"yoast_head":"<!-- This site is optimized with the Yoast SEO plugin v27.4 - https:\/\/yoast.com\/product\/yoast-seo-wordpress\/ -->\n<title>Sant\u00e9 \u2013 pourquoi le rayonnement de la 5G n\u2019est pas nocif | Forum Mobil<\/title>\n<meta name=\"description\" content=\"Les \u00e9tudes ne montrent aucun lien entre le rayonnement de la 5G et les soucis de sant\u00e9. Malgr\u00e9 cela, de fausses informations circulent. Forum Mobil clarifie les choses.\" \/>\n<meta name=\"robots\" content=\"index, follow, max-snippet:-1, max-image-preview:large, max-video-preview:-1\" \/>\n<link rel=\"canonical\" href=\"https:\/\/www.forummobil.ch\/fr\/sante\/\" \/>\n<meta property=\"og:locale\" content=\"fr_FR\" \/>\n<meta property=\"og:type\" content=\"article\" \/>\n<meta property=\"og:title\" content=\"Sant\u00e9 \u2013 pourquoi le rayonnement de la 5G n\u2019est pas nocif | Forum Mobil\" \/>\n<meta property=\"og:description\" content=\"Les \u00e9tudes ne montrent aucun lien entre le rayonnement de la 5G et les soucis de sant\u00e9. Malgr\u00e9 cela, de fausses informations circulent. Forum Mobil clarifie les choses.\" \/>\n<meta property=\"og:url\" content=\"https:\/\/www.forummobil.ch\/fr\/sante\/\" \/>\n<meta property=\"og:site_name\" content=\"Forum Mobil\" \/>\n<meta property=\"article:modified_time\" content=\"2022-03-21T10:28:26+00:00\" \/>\n<meta name=\"twitter:card\" content=\"summary_large_image\" \/>\n<script type=\"application\/ld+json\" class=\"yoast-schema-graph\">{\"@context\":\"https:\\\/\\\/schema.org\",\"@graph\":[{\"@type\":\"WebPage\",\"@id\":\"https:\\\/\\\/www.forummobil.ch\\\/fr\\\/sante\\\/\",\"url\":\"https:\\\/\\\/www.forummobil.ch\\\/fr\\\/sante\\\/\",\"name\":\"Sant\u00e9 \u2013 pourquoi le rayonnement de la 5G n\u2019est pas nocif | Forum Mobil\",\"isPartOf\":{\"@id\":\"https:\\\/\\\/www.forummobil.ch\\\/fr\\\/#website\"},\"datePublished\":\"2022-03-01T14:23:11+00:00\",\"dateModified\":\"2022-03-21T10:28:26+00:00\",\"description\":\"Les \u00e9tudes ne montrent aucun lien entre le rayonnement de la 5G et les soucis de sant\u00e9. Malgr\u00e9 cela, de fausses informations circulent. Forum Mobil clarifie les choses.\",\"breadcrumb\":{\"@id\":\"https:\\\/\\\/www.forummobil.ch\\\/fr\\\/sante\\\/#breadcrumb\"},\"inLanguage\":\"fr-FR\",\"potentialAction\":[{\"@type\":\"ReadAction\",\"target\":[\"https:\\\/\\\/www.forummobil.ch\\\/fr\\\/sante\\\/\"]}]},{\"@type\":\"BreadcrumbList\",\"@id\":\"https:\\\/\\\/www.forummobil.ch\\\/fr\\\/sante\\\/#breadcrumb\",\"itemListElement\":[{\"@type\":\"ListItem\",\"position\":1,\"name\":\"Home\",\"item\":\"https:\\\/\\\/www.forummobil.ch\\\/fr\\\/\"},{\"@type\":\"ListItem\",\"position\":2,\"name\":\"Sant\u00e9\"}]},{\"@type\":\"WebSite\",\"@id\":\"https:\\\/\\\/www.forummobil.ch\\\/fr\\\/#website\",\"url\":\"https:\\\/\\\/www.forummobil.ch\\\/fr\\\/\",\"name\":\"Forum Mobil\",\"description\":\"Willkommen\",\"potentialAction\":[{\"@type\":\"SearchAction\",\"target\":{\"@type\":\"EntryPoint\",\"urlTemplate\":\"https:\\\/\\\/www.forummobil.ch\\\/fr\\\/?s={search_term_string}\"},\"query-input\":{\"@type\":\"PropertyValueSpecification\",\"valueRequired\":true,\"valueName\":\"search_term_string\"}}],\"inLanguage\":\"fr-FR\"}]}<\/script>\n<!-- \/ Yoast SEO plugin. -->","yoast_head_json":{"title":"Sant\u00e9 \u2013 pourquoi le rayonnement de la 5G n\u2019est pas nocif | Forum Mobil","description":"Les \u00e9tudes ne montrent aucun lien entre le rayonnement de la 5G et les soucis de sant\u00e9. Malgr\u00e9 cela, de fausses informations circulent. Forum Mobil clarifie les choses.","robots":{"index":"index","follow":"follow","max-snippet":"max-snippet:-1","max-image-preview":"max-image-preview:large","max-video-preview":"max-video-preview:-1"},"canonical":"https:\/\/www.forummobil.ch\/fr\/sante\/","og_locale":"fr_FR","og_type":"article","og_title":"Sant\u00e9 \u2013 pourquoi le rayonnement de la 5G n\u2019est pas nocif | Forum Mobil","og_description":"Les \u00e9tudes ne montrent aucun lien entre le rayonnement de la 5G et les soucis de sant\u00e9. Malgr\u00e9 cela, de fausses informations circulent. Forum Mobil clarifie les choses.","og_url":"https:\/\/www.forummobil.ch\/fr\/sante\/","og_site_name":"Forum Mobil","article_modified_time":"2022-03-21T10:28:26+00:00","twitter_card":"summary_large_image","schema":{"@context":"https:\/\/schema.org","@graph":[{"@type":"WebPage","@id":"https:\/\/www.forummobil.ch\/fr\/sante\/","url":"https:\/\/www.forummobil.ch\/fr\/sante\/","name":"Sant\u00e9 \u2013 pourquoi le rayonnement de la 5G n\u2019est pas nocif | Forum Mobil","isPartOf":{"@id":"https:\/\/www.forummobil.ch\/fr\/#website"},"datePublished":"2022-03-01T14:23:11+00:00","dateModified":"2022-03-21T10:28:26+00:00","description":"Les \u00e9tudes ne montrent aucun lien entre le rayonnement de la 5G et les soucis de sant\u00e9. Malgr\u00e9 cela, de fausses informations circulent. Forum Mobil clarifie les choses.","breadcrumb":{"@id":"https:\/\/www.forummobil.ch\/fr\/sante\/#breadcrumb"},"inLanguage":"fr-FR","potentialAction":[{"@type":"ReadAction","target":["https:\/\/www.forummobil.ch\/fr\/sante\/"]}]},{"@type":"BreadcrumbList","@id":"https:\/\/www.forummobil.ch\/fr\/sante\/#breadcrumb","itemListElement":[{"@type":"ListItem","position":1,"name":"Home","item":"https:\/\/www.forummobil.ch\/fr\/"},{"@type":"ListItem","position":2,"name":"Sant\u00e9"}]},{"@type":"WebSite","@id":"https:\/\/www.forummobil.ch\/fr\/#website","url":"https:\/\/www.forummobil.ch\/fr\/","name":"Forum Mobil","description":"Willkommen","potentialAction":[{"@type":"SearchAction","target":{"@type":"EntryPoint","urlTemplate":"https:\/\/www.forummobil.ch\/fr\/?s={search_term_string}"},"query-input":{"@type":"PropertyValueSpecification","valueRequired":true,"valueName":"search_term_string"}}],"inLanguage":"fr-FR"}]}},"_links":{"self":[{"href":"https:\/\/www.forummobil.ch\/fr\/wp-json\/wp\/v2\/pages\/1945","targetHints":{"allow":["GET"]}}],"collection":[{"href":"https:\/\/www.forummobil.ch\/fr\/wp-json\/wp\/v2\/pages"}],"about":[{"href":"https:\/\/www.forummobil.ch\/fr\/wp-json\/wp\/v2\/types\/page"}],"author":[{"embeddable":true,"href":"https:\/\/www.forummobil.ch\/fr\/wp-json\/wp\/v2\/users\/5"}],"replies":[{"embeddable":true,"href":"https:\/\/www.forummobil.ch\/fr\/wp-json\/wp\/v2\/comments?post=1945"}],"version-history":[{"count":2,"href":"https:\/\/www.forummobil.ch\/fr\/wp-json\/wp\/v2\/pages\/1945\/revisions"}],"predecessor-version":[{"id":2058,"href":"https:\/\/www.forummobil.ch\/fr\/wp-json\/wp\/v2\/pages\/1945\/revisions\/2058"}],"wp:attachment":[{"href":"https:\/\/www.forummobil.ch\/fr\/wp-json\/wp\/v2\/media?parent=1945"}],"curies":[{"name":"wp","href":"https:\/\/api.w.org\/{rel}","templated":true}]}}