{"id":1689,"date":"2022-02-21T09:29:06","date_gmt":"2022-02-21T09:29:06","guid":{"rendered":"https:\/\/www.forummobil.ch\/willkommen-bei-forum-mobil\/"},"modified":"2022-05-12T14:54:10","modified_gmt":"2022-05-12T14:54:10","slug":"willkommen-bei-forum-mobil","status":"publish","type":"page","link":"https:\/\/www.forummobil.ch\/fr\/","title":{"rendered":"Bienvenue sur Forum Mobil"},"content":{"rendered":"<div class=\"wpb-content-wrapper\"><p>[vc_row][vc_column]\n\t\t\t<!-- START FR REVOLUTION SLIDER 6.7.29 --><p class=\"rs-p-wp-fix\"><\/p>\n\t\t\t<rs-module-wrap id=\"rev_slider_4_1_wrapper\" data-source=\"gallery\" style=\"visibility:hidden;background:#686868;padding:0;margin:0px auto;margin-top:0px;margin-bottom:0px;\">\n\t\t\t\t<rs-module id=\"rev_slider_4_1\" style=\"\" data-version=\"6.7.29\">\n\t\t\t\t\t<rs-slides style=\"overflow: hidden; position: absolute;\">\n\t\t\t\t\t\t<rs-slide style=\"position: absolute;\" data-key=\"rs-6\" data-title=\"Medical Advices\" data-anim=\"adpr:false;ms:10;\" data-in=\"o:1;\" data-out=\"a:false;\" data-sloop=\"s:2500;e:4500;\">\n\t\t\t\t\t\t\t<img decoding=\"async\" src=\"\/\/www.forummobil.ch\/wp-content\/plugins\/revslider\/sr6\/assets\/assets\/dummy.png\" alt=\"\" title=\"thom-holmes-J2e34-1CVVs-unsplash\" width=\"2560\" height=\"1707\" class=\"rev-slidebg tp-rs-img rs-lazyload\" data-lazyload=\"\/\/www.forummobil.ch\/wp-content\/uploads\/2022\/02\/thom-holmes-J2e34-1CVVs-unsplash-scaled.jpg\" data-no-retina>\n<!--\n\t\t\t\t\t\t\t--><a\n\t\t\t\t\t\t\t\tid=\"slider-4-slide-6-layer-0\" \n\t\t\t\t\t\t\t\tclass=\"rs-layer rev-btn\"\n\t\t\t\t\t\t\t\thref=\"\/fr\/portrait\" target=\"_self\"\n\t\t\t\t\t\t\t\tdata-type=\"button\"\n\t\t\t\t\t\t\t\tdata-color=\"#ffffff\"\n\t\t\t\t\t\t\t\tdata-rsp_ch=\"on\"\n\t\t\t\t\t\t\t\tdata-xy=\"x:7px;y:297px;\"\n\t\t\t\t\t\t\t\tdata-text=\"w:normal;s:18;l:40;fw:500;\"\n\t\t\t\t\t\t\t\tdata-dim=\"minh:0px;\"\n\t\t\t\t\t\t\t\tdata-padding=\"r:25;l:25;\"\n\t\t\t\t\t\t\t\tdata-border=\"bor:25px,25px,25px,25px;\"\n\t\t\t\t\t\t\t\tdata-frame_0=\"o:1;\"\n\t\t\t\t\t\t\t\tdata-frame_999=\"o:0;e:none;st:w;sp:0;\"\n\t\t\t\t\t\t\t\tdata-frame_hover=\"bgc:#152843;bor:25px,25px,25px,25px;e:none;bri:120%;\"\n\t\t\t\t\t\t\t\tstyle=\"z-index:8;background-color:#2e955f;font-family:'Roboto';\"\n\t\t\t\t\t\t\t>Portrait \n\t\t\t\t\t\t\t<\/a><!--\n\n\t\t\t\t\t\t\t--><p\n\t\t\t\t\t\t\t\tid=\"slider-4-slide-6-layer-1\" \n\t\t\t\t\t\t\t\tclass=\"rs-layer\"\n\t\t\t\t\t\t\t\tdata-type=\"text\"\n\t\t\t\t\t\t\t\tdata-color=\"#000000\"\n\t\t\t\t\t\t\t\tdata-rsp_ch=\"on\"\n\t\t\t\t\t\t\t\tdata-xy=\"x:10px;y:206px;\"\n\t\t\t\t\t\t\t\tdata-text=\"w:normal;s:24;l:26;fw:500;\"\n\t\t\t\t\t\t\t\tdata-dim=\"w:334px;h:63px;minh:0;\"\n\t\t\t\t\t\t\t\tdata-frame_0=\"o:1;\"\n\t\t\t\t\t\t\t\tdata-frame_999=\"x:-1px;y:0px;o:0;e:none;st:8900;sp:0;sR:10;\"\n\t\t\t\t\t\t\t\tstyle=\"z-index:9;font-family:'Roboto';\"\n\t\t\t\t\t\t\t>La plate-forme d\u2019information sur la t\u00e9l\u00e9phonie mobile en Suisse \n\t\t\t\t\t\t\t<\/p><!--\n\n\t\t\t\t\t\t\t--><h1\n\t\t\t\t\t\t\t\tid=\"slider-4-slide-6-layer-3\" \n\t\t\t\t\t\t\t\tclass=\"rs-layer\"\n\t\t\t\t\t\t\t\tdata-type=\"text\"\n\t\t\t\t\t\t\t\tdata-color=\"#000000\"\n\t\t\t\t\t\t\t\tdata-rsp_ch=\"on\"\n\t\t\t\t\t\t\t\tdata-xy=\"x:10px;y:138px;\"\n\t\t\t\t\t\t\t\tdata-text=\"w:normal;s:64;l:50;fw:700;\"\n\t\t\t\t\t\t\t\tdata-dim=\"w:481px;minh:0px;\"\n\t\t\t\t\t\t\t\tdata-frame_0=\"o:1;\"\n\t\t\t\t\t\t\t\tdata-frame_999=\"x:-1px;y:0px;o:0;e:none;st:8900;sp:0;sR:10;\"\n\t\t\t\t\t\t\t\tstyle=\"z-index:9;font-family:'Roboto';\"\n\t\t\t\t\t\t\t>Forum Mobil \n\t\t\t\t\t\t\t<\/h1><!--\n-->\t\t\t\t\t<\/rs-slide>\n\t\t\t\t\t<\/rs-slides>\n\t\t\t\t<\/rs-module>\n\t\t\t\t<script>\n\t\t\t\t\tsetREVStartSize({c: 'rev_slider_4_1',rl:[1240,1024,778,480],el:[482],gw:[1140],gh:[482],type:'hero',justify:'',layout:'fullwidth',mh:\"0\"});if (window.RS_MODULES!==undefined && window.RS_MODULES.modules!==undefined && window.RS_MODULES.modules[\"revslider41\"]!==undefined) {window.RS_MODULES.modules[\"revslider41\"].once = false;window.revapi4 = undefined;if (window.RS_MODULES.checkMinimal!==undefined) window.RS_MODULES.checkMinimal()}\n\t\t\t\t<\/script>\n\t\t\t<\/rs-module-wrap>\n\t\t\t<!-- END REVOLUTION SLIDER -->\n[\/vc_column][vc_column width=\u00a0\u00bb4\/5&Prime; css=\u00a0\u00bb.vc_custom_1647441219145{margin-bottom: 0px !important;padding-top: 30px !important;padding-bottom: 5px !important;}\u00a0\u00bb][vc_column_text css=\u00a0\u00bb.vc_custom_1647858774409{margin-top: 35px !important;margin-bottom: 0px !important;}\u00a0\u00bb]<\/p>\n<h2>Tout sur la t\u00e9l\u00e9phonie mobile en Suisse<\/h2>\n<p>Streaming, appels vid\u00e9o, messages vocaux \u2013 il est difficile d\u2019imaginer une vie sans t\u00e9l\u00e9phonie mobile. Bien que nous soyons constamment en contact avec la t\u00e9l\u00e9phonie mobile, nombreuses sont les informations mal comprises ou erron\u00e9es qui circulent. Forum Mobil clarifie les choses.[\/vc_column_text][\/vc_column][vc_column css=\u00a0\u00bb.vc_custom_1647439295198{padding-top: 35px !important;}\u00a0\u00bb][vc_basic_grid post_type=\u00a0\u00bbpost\u00a0\u00bb max_items=\u00a0\u00bb9&Prime; gap=\u00a0\u00bb20&Prime; item=\u00a0\u00bb1505&Prime; grid_id=\u00a0\u00bbvc_gid:1652367225962-78789b6c-aa2c-8&Prime;][\/vc_column][\/vc_row][vc_row full_width=\u00a0\u00bbstretch_row\u00a0\u00bb css=\u00a0\u00bb.vc_custom_1647441232369{padding-top: 30px !important;background-color: #e6e7e9 !important;background-position: center !important;background-repeat: no-repeat !important;background-size: cover !important;}\u00a0\u00bb][vc_column width=\u00a0\u00bb4\/5&Prime;][vc_column_text css=\u00a0\u00bb.vc_custom_1647858002519{margin-bottom: 0px !important;}\u00a0\u00bb]<\/p>\n<h2>Focus sur les contribution<\/h2>\n<p>Ces articles issus des rubriques Sant\u00e9, Technologie et Environnement sont particuli\u00e8rement consult\u00e9s :[\/vc_column_text][\/vc_column][vc_column][vc_basic_grid post_type=\u00a0\u00bbpost\u00a0\u00bb max_items=\u00a0\u00bb3&Prime; gap=\u00a0\u00bb20&Prime; orderby=\u00a0\u00bbrand\u00a0\u00bb item=\u00a0\u00bb2221&Prime; grid_id=\u00a0\u00bbvc_gid:1652367225963-09c5918b-df4c-2&Prime;][\/vc_column][\/vc_row]<\/p>\n<\/div>","protected":false},"excerpt":{"rendered":"<p>[vc_row][vc_column][\/vc_column][vc_column width=\u00a0\u00bb4\/5&Prime; css=\u00a0\u00bb.vc_custom_1647441219145{margin-bottom: 0px !important;padding-top: 30px !important;padding-bottom: 5px !important;}\u00a0\u00bb][vc_column_text css=\u00a0\u00bb.vc_custom_1647858774409{margin-top: 35px !important;margin-bottom: 0px !important;}\u00a0\u00bb] Tout sur la t\u00e9l\u00e9phonie mobile en Suisse Streaming, appels vid\u00e9o, messages vocaux \u2013 il est difficile d\u2019imaginer une vie sans t\u00e9l\u00e9phonie mobile. Bien que nous soyons constamment en contact avec la t\u00e9l\u00e9phonie mobile, nombreuses sont les informations mal comprises ou erron\u00e9es&hellip;<\/p>\n","protected":false},"author":5,"featured_media":0,"parent":0,"menu_order":0,"comment_status":"closed","ping_status":"closed","template":"","meta":{"_acf_changed":false,"inline_featured_image":false,"footnotes":""},"class_list":["post-1689","page","type-page","status-publish","hentry"],"acf":[],"yoast_head":"<!-- This site is optimized with the Yoast SEO plugin v27.4 - https:\/\/yoast.com\/product\/yoast-seo-wordpress\/ -->\n<title>Plateforme d\u2019infos sur la t\u00e9l\u00e9phonie mobile suisse | Forum Mobil<\/title>\n<meta name=\"description\" content=\"Forum Mobil: informations sur les normes de t\u00e9l\u00e9phonie mobile et leur utilit\u00e9, leur technologie, ainsi que sur les questions de sant\u00e9 et d&#039;environnement.\" \/>\n<meta name=\"robots\" content=\"index, follow, max-snippet:-1, max-image-preview:large, max-video-preview:-1\" \/>\n<link rel=\"canonical\" href=\"https:\/\/www.forummobil.ch\/fr\/\" \/>\n<meta property=\"og:locale\" content=\"fr_FR\" \/>\n<meta property=\"og:type\" content=\"article\" \/>\n<meta property=\"og:title\" content=\"Plateforme d\u2019infos sur la t\u00e9l\u00e9phonie mobile suisse | Forum Mobil\" \/>\n<meta property=\"og:description\" content=\"Forum Mobil: informations sur les normes de t\u00e9l\u00e9phonie mobile et leur utilit\u00e9, leur technologie, ainsi que sur les questions de sant\u00e9 et d&#039;environnement.\" \/>\n<meta property=\"og:url\" content=\"https:\/\/www.forummobil.ch\/fr\/\" \/>\n<meta property=\"og:site_name\" content=\"Forum Mobil\" \/>\n<meta property=\"article:modified_time\" content=\"2022-05-12T14:54:10+00:00\" \/>\n<meta name=\"twitter:card\" content=\"summary_large_image\" \/>\n<meta name=\"twitter:label1\" content=\"Dur\u00e9e de lecture estim\u00e9e\" \/>\n\t<meta name=\"twitter:data1\" content=\"1 minute\" \/>\n<script type=\"application\/ld+json\" class=\"yoast-schema-graph\">{\"@context\":\"https:\\\/\\\/schema.org\",\"@graph\":[{\"@type\":\"WebPage\",\"@id\":\"https:\\\/\\\/www.forummobil.ch\\\/fr\\\/\",\"url\":\"https:\\\/\\\/www.forummobil.ch\\\/fr\\\/\",\"name\":\"Plateforme d\u2019infos sur la t\u00e9l\u00e9phonie mobile suisse | Forum Mobil\",\"isPartOf\":{\"@id\":\"https:\\\/\\\/www.forummobil.ch\\\/fr\\\/#website\"},\"datePublished\":\"2022-02-21T09:29:06+00:00\",\"dateModified\":\"2022-05-12T14:54:10+00:00\",\"description\":\"Forum Mobil: informations sur les normes de t\u00e9l\u00e9phonie mobile et leur utilit\u00e9, leur technologie, ainsi que sur les questions de sant\u00e9 et d'environnement.\",\"breadcrumb\":{\"@id\":\"https:\\\/\\\/www.forummobil.ch\\\/fr\\\/#breadcrumb\"},\"inLanguage\":\"fr-FR\",\"potentialAction\":[{\"@type\":\"ReadAction\",\"target\":[\"https:\\\/\\\/www.forummobil.ch\\\/fr\\\/\"]}]},{\"@type\":\"BreadcrumbList\",\"@id\":\"https:\\\/\\\/www.forummobil.ch\\\/fr\\\/#breadcrumb\",\"itemListElement\":[{\"@type\":\"ListItem\",\"position\":1,\"name\":\"Home\",\"item\":\"https:\\\/\\\/www.forummobil.ch\\\/fr\\\/\"},{\"@type\":\"ListItem\",\"position\":2,\"name\":\"Bienvenue sur Forum Mobil\"}]},{\"@type\":\"WebSite\",\"@id\":\"https:\\\/\\\/www.forummobil.ch\\\/fr\\\/#website\",\"url\":\"https:\\\/\\\/www.forummobil.ch\\\/fr\\\/\",\"name\":\"Forum Mobil\",\"description\":\"Willkommen\",\"potentialAction\":[{\"@type\":\"SearchAction\",\"target\":{\"@type\":\"EntryPoint\",\"urlTemplate\":\"https:\\\/\\\/www.forummobil.ch\\\/fr\\\/?s={search_term_string}\"},\"query-input\":{\"@type\":\"PropertyValueSpecification\",\"valueRequired\":true,\"valueName\":\"search_term_string\"}}],\"inLanguage\":\"fr-FR\"}]}<\/script>\n<!-- \/ Yoast SEO plugin. -->","yoast_head_json":{"title":"Plateforme d\u2019infos sur la t\u00e9l\u00e9phonie mobile suisse | Forum Mobil","description":"Forum Mobil: informations sur les normes de t\u00e9l\u00e9phonie mobile et leur utilit\u00e9, leur technologie, ainsi que sur les questions de sant\u00e9 et d'environnement.","robots":{"index":"index","follow":"follow","max-snippet":"max-snippet:-1","max-image-preview":"max-image-preview:large","max-video-preview":"max-video-preview:-1"},"canonical":"https:\/\/www.forummobil.ch\/fr\/","og_locale":"fr_FR","og_type":"article","og_title":"Plateforme d\u2019infos sur la t\u00e9l\u00e9phonie mobile suisse | Forum Mobil","og_description":"Forum Mobil: informations sur les normes de t\u00e9l\u00e9phonie mobile et leur utilit\u00e9, leur technologie, ainsi que sur les questions de sant\u00e9 et d'environnement.","og_url":"https:\/\/www.forummobil.ch\/fr\/","og_site_name":"Forum Mobil","article_modified_time":"2022-05-12T14:54:10+00:00","twitter_card":"summary_large_image","twitter_misc":{"Dur\u00e9e de lecture estim\u00e9e":"1 minute"},"schema":{"@context":"https:\/\/schema.org","@graph":[{"@type":"WebPage","@id":"https:\/\/www.forummobil.ch\/fr\/","url":"https:\/\/www.forummobil.ch\/fr\/","name":"Plateforme d\u2019infos sur la t\u00e9l\u00e9phonie mobile suisse | Forum Mobil","isPartOf":{"@id":"https:\/\/www.forummobil.ch\/fr\/#website"},"datePublished":"2022-02-21T09:29:06+00:00","dateModified":"2022-05-12T14:54:10+00:00","description":"Forum Mobil: informations sur les normes de t\u00e9l\u00e9phonie mobile et leur utilit\u00e9, leur technologie, ainsi que sur les questions de sant\u00e9 et d'environnement.","breadcrumb":{"@id":"https:\/\/www.forummobil.ch\/fr\/#breadcrumb"},"inLanguage":"fr-FR","potentialAction":[{"@type":"ReadAction","target":["https:\/\/www.forummobil.ch\/fr\/"]}]},{"@type":"BreadcrumbList","@id":"https:\/\/www.forummobil.ch\/fr\/#breadcrumb","itemListElement":[{"@type":"ListItem","position":1,"name":"Home","item":"https:\/\/www.forummobil.ch\/fr\/"},{"@type":"ListItem","position":2,"name":"Bienvenue sur Forum Mobil"}]},{"@type":"WebSite","@id":"https:\/\/www.forummobil.ch\/fr\/#website","url":"https:\/\/www.forummobil.ch\/fr\/","name":"Forum Mobil","description":"Willkommen","potentialAction":[{"@type":"SearchAction","target":{"@type":"EntryPoint","urlTemplate":"https:\/\/www.forummobil.ch\/fr\/?s={search_term_string}"},"query-input":{"@type":"PropertyValueSpecification","valueRequired":true,"valueName":"search_term_string"}}],"inLanguage":"fr-FR"}]}},"_links":{"self":[{"href":"https:\/\/www.forummobil.ch\/fr\/wp-json\/wp\/v2\/pages\/1689","targetHints":{"allow":["GET"]}}],"collection":[{"href":"https:\/\/www.forummobil.ch\/fr\/wp-json\/wp\/v2\/pages"}],"about":[{"href":"https:\/\/www.forummobil.ch\/fr\/wp-json\/wp\/v2\/types\/page"}],"author":[{"embeddable":true,"href":"https:\/\/www.forummobil.ch\/fr\/wp-json\/wp\/v2\/users\/5"}],"replies":[{"embeddable":true,"href":"https:\/\/www.forummobil.ch\/fr\/wp-json\/wp\/v2\/comments?post=1689"}],"version-history":[{"count":24,"href":"https:\/\/www.forummobil.ch\/fr\/wp-json\/wp\/v2\/pages\/1689\/revisions"}],"predecessor-version":[{"id":2226,"href":"https:\/\/www.forummobil.ch\/fr\/wp-json\/wp\/v2\/pages\/1689\/revisions\/2226"}],"wp:attachment":[{"href":"https:\/\/www.forummobil.ch\/fr\/wp-json\/wp\/v2\/media?parent=1689"}],"curies":[{"name":"wp","href":"https:\/\/api.w.org\/{rel}","templated":true}]}}